{"id":582,"date":"2018-06-03T09:33:23","date_gmt":"2018-06-03T09:33:23","guid":{"rendered":"http:\/\/normcore.mome.hu\/site\/divatfotok-copy\/"},"modified":"2020-06-21T22:31:59","modified_gmt":"2020-06-21T22:31:59","slug":"fashion-photography","status":"publish","type":"page","link":"https:\/\/normcore.mome.hu\/site\/fashion-photography\/","title":{"rendered":"Fashion photography"},"content":{"rendered":"\t\t<div data-elementor-type=\"wp-post\" data-elementor-id=\"582\" class=\"elementor elementor-582\">\n\t\t\t\t\t\t<section class=\"elementor-section elementor-top-section elementor-element elementor-element-c2dd2a3 elementor-section-boxed elementor-section-height-default elementor-section-height-default\" data-id=\"c2dd2a3\" data-element_type=\"section\">\n\t\t\t\t\t\t<div class=\"elementor-container elementor-column-gap-default\">\n\t\t\t\t\t<div class=\"elementor-column elementor-col-100 elementor-top-column elementor-element elementor-element-c06486c\" data-id=\"c06486c\" data-element_type=\"column\">\n\t\t\t<div class=\"elementor-widget-wrap elementor-element-populated\">\n\t\t\t\t\t\t<div class=\"elementor-element elementor-element-6e77e82 elementor-arrows-position-inside elementor-pagination-position-outside elementor-widget elementor-widget-image-carousel\" data-id=\"6e77e82\" data-element_type=\"widget\" data-settings=\"{&quot;slides_to_show&quot;:&quot;1&quot;,&quot;navigation&quot;:&quot;both&quot;,&quot;autoplay&quot;:&quot;yes&quot;,&quot;pause_on_hover&quot;:&quot;yes&quot;,&quot;pause_on_interaction&quot;:&quot;yes&quot;,&quot;autoplay_speed&quot;:5000,&quot;infinite&quot;:&quot;yes&quot;,&quot;effect&quot;:&quot;slide&quot;,&quot;speed&quot;:500}\" data-widget_type=\"image-carousel.default\">\n\t\t\t\t<div class=\"elementor-widget-container\">\n\t\t\t\t\t<div class=\"elementor-image-carousel-wrapper swiper\" dir=\"ltr\">\n\t\t\t<div class=\"elementor-image-carousel swiper-wrapper\" aria-live=\"off\">\n\t\t\t\t\t\t\t\t<div class=\"swiper-slide\" role=\"group\" aria-roledescription=\"slide\" aria-label=\"1 of 9\"><figure class=\"swiper-slide-inner\"><img decoding=\"async\" class=\"swiper-slide-image\" src=\"https:\/\/normcore.mome.hu\/site\/wp-content\/uploads\/2018\/05\/divatfot\u00f3k1_1600px.jpg\" alt=\"divatfot\u00f3k1_1600px\" \/><\/figure><\/div><div class=\"swiper-slide\" role=\"group\" aria-roledescription=\"slide\" aria-label=\"2 of 9\"><figure class=\"swiper-slide-inner\"><img decoding=\"async\" class=\"swiper-slide-image\" src=\"https:\/\/normcore.mome.hu\/site\/wp-content\/uploads\/2018\/05\/20170215_normcore_fotozas_werk_31_1600px.jpg\" alt=\"20170215_normcore_fotozas_werk_31_1600px\" \/><\/figure><\/div><div class=\"swiper-slide\" role=\"group\" aria-roledescription=\"slide\" aria-label=\"3 of 9\"><figure class=\"swiper-slide-inner\"><img decoding=\"async\" class=\"swiper-slide-image\" src=\"https:\/\/normcore.mome.hu\/site\/wp-content\/uploads\/2018\/05\/20170215_normcore_fotozas_werk_21_1600px.jpg\" alt=\"20170215_normcore_fotozas_werk_21_1600px\" \/><\/figure><\/div><div class=\"swiper-slide\" role=\"group\" aria-roledescription=\"slide\" aria-label=\"4 of 9\"><figure class=\"swiper-slide-inner\"><img decoding=\"async\" class=\"swiper-slide-image\" src=\"https:\/\/normcore.mome.hu\/site\/wp-content\/uploads\/2019\/01\/divatfot\u00f3k4_1600px.jpg\" alt=\"divatfot\u00f3k4_1600px\" \/><\/figure><\/div><div class=\"swiper-slide\" role=\"group\" aria-roledescription=\"slide\" aria-label=\"5 of 9\"><figure class=\"swiper-slide-inner\"><img decoding=\"async\" class=\"swiper-slide-image\" src=\"https:\/\/normcore.mome.hu\/site\/wp-content\/uploads\/2018\/05\/divatfot\u00f3k5_1600px.jpg\" alt=\"divatfot\u00f3k5_1600px\" \/><\/figure><\/div><div class=\"swiper-slide\" role=\"group\" aria-roledescription=\"slide\" aria-label=\"6 of 9\"><figure class=\"swiper-slide-inner\"><img decoding=\"async\" class=\"swiper-slide-image\" src=\"https:\/\/normcore.mome.hu\/site\/wp-content\/uploads\/2018\/05\/divatfot\u00f3k2_1600px.jpg\" alt=\"divatfot\u00f3k2_1600px\" \/><\/figure><\/div><div class=\"swiper-slide\" role=\"group\" aria-roledescription=\"slide\" aria-label=\"7 of 9\"><figure class=\"swiper-slide-inner\"><img decoding=\"async\" class=\"swiper-slide-image\" src=\"https:\/\/normcore.mome.hu\/site\/wp-content\/uploads\/2018\/05\/20170215_normcore_fotozas_werk_105_1600px.jpg\" alt=\"20170215_normcore_fotozas_werk_105_1600px\" \/><\/figure><\/div><div class=\"swiper-slide\" role=\"group\" aria-roledescription=\"slide\" aria-label=\"8 of 9\"><figure class=\"swiper-slide-inner\"><img decoding=\"async\" class=\"swiper-slide-image\" src=\"https:\/\/normcore.mome.hu\/site\/wp-content\/uploads\/2018\/05\/20170215_normcore_fotozas_werk_80_1600px.jpg\" alt=\"20170215_normcore_fotozas_werk_80_1600px\" \/><\/figure><\/div><div class=\"swiper-slide\" role=\"group\" aria-roledescription=\"slide\" aria-label=\"9 of 9\"><figure class=\"swiper-slide-inner\"><img decoding=\"async\" class=\"swiper-slide-image\" src=\"https:\/\/normcore.mome.hu\/site\/wp-content\/uploads\/2018\/05\/20170215_normcore_fotozas_werk_83_1600px.jpg\" alt=\"20170215_normcore_fotozas_werk_83_1600px\" \/><\/figure><\/div>\t\t\t<\/div>\n\t\t\t\t\t\t\t\t\t\t\t\t<div class=\"elementor-swiper-button elementor-swiper-button-prev\" role=\"button\" tabindex=\"0\">\n\t\t\t\t\t\t<i aria-hidden=\"true\" class=\"eicon-chevron-left\"><\/i>\t\t\t\t\t<\/div>\n\t\t\t\t\t<div class=\"elementor-swiper-button elementor-swiper-button-next\" role=\"button\" tabindex=\"0\">\n\t\t\t\t\t\t<i aria-hidden=\"true\" class=\"eicon-chevron-right\"><\/i>\t\t\t\t\t<\/div>\n\t\t\t\t\n\t\t\t\t\t\t\t\t\t<div class=\"swiper-pagination\"><\/div>\n\t\t\t\t\t\t\t\t\t<\/div>\n\t\t\t\t<\/div>\n\t\t\t\t<\/div>\n\t\t\t\t\t<\/div>\n\t\t<\/div>\n\t\t\t\t\t<\/div>\n\t\t<\/section>\n\t\t\t\t<section class=\"elementor-section elementor-top-section elementor-element elementor-element-3fbf0b2 elementor-section-boxed elementor-section-height-default elementor-section-height-default\" data-id=\"3fbf0b2\" data-element_type=\"section\">\n\t\t\t\t\t\t<div class=\"elementor-container elementor-column-gap-default\">\n\t\t\t\t\t<div class=\"elementor-column elementor-col-100 elementor-top-column elementor-element elementor-element-466a1c0\" data-id=\"466a1c0\" data-element_type=\"column\">\n\t\t\t<div class=\"elementor-widget-wrap elementor-element-populated\">\n\t\t\t\t\t\t<div class=\"elementor-element elementor-element-519d4a4 elementor-widget elementor-widget-spacer\" data-id=\"519d4a4\" data-element_type=\"widget\" data-widget_type=\"spacer.default\">\n\t\t\t\t<div class=\"elementor-widget-container\">\n\t\t\t\t\t<div class=\"elementor-spacer\">\n\t\t\t<div class=\"elementor-spacer-inner\"><\/div>\n\t\t<\/div>\n\t\t\t\t<\/div>\n\t\t\t\t<\/div>\n\t\t\t\t\t<\/div>\n\t\t<\/div>\n\t\t\t\t\t<\/div>\n\t\t<\/section>\n\t\t\t\t<section class=\"elementor-section elementor-top-section elementor-element elementor-element-8dd3b1f elementor-section-boxed elementor-section-height-default elementor-section-height-default\" data-id=\"8dd3b1f\" data-element_type=\"section\">\n\t\t\t\t\t\t<div class=\"elementor-container elementor-column-gap-default\">\n\t\t\t\t\t<div class=\"elementor-column elementor-col-100 elementor-top-column elementor-element elementor-element-06f3acf\" data-id=\"06f3acf\" data-element_type=\"column\">\n\t\t\t<div class=\"elementor-widget-wrap elementor-element-populated\">\n\t\t\t\t\t\t<div class=\"elementor-element elementor-element-e7ffa9b elementor-widget elementor-widget-heading\" data-id=\"e7ffa9b\" data-element_type=\"widget\" data-widget_type=\"heading.default\">\n\t\t\t\t<div class=\"elementor-widget-container\">\n\t\t\t<h1 class=\"elementor-heading-title elementor-size-default\">Fashion photography<\/h1>\t\t<\/div>\n\t\t\t\t<\/div>\n\t\t\t\t\t<\/div>\n\t\t<\/div>\n\t\t\t\t\t<\/div>\n\t\t<\/section>\n\t\t\t\t<section class=\"elementor-section elementor-top-section elementor-element elementor-element-2f40fd8 elementor-section-boxed elementor-section-height-default elementor-section-height-default\" data-id=\"2f40fd8\" data-element_type=\"section\">\n\t\t\t\t\t\t<div class=\"elementor-container elementor-column-gap-default\">\n\t\t\t\t\t<div class=\"elementor-column elementor-col-100 elementor-top-column elementor-element elementor-element-a723f8b\" data-id=\"a723f8b\" data-element_type=\"column\">\n\t\t\t<div class=\"elementor-widget-wrap elementor-element-populated\">\n\t\t\t\t\t\t<div class=\"elementor-element elementor-element-d8a84c9 elementor-widget elementor-widget-text-editor\" data-id=\"d8a84c9\" data-element_type=\"widget\" data-widget_type=\"text-editor.default\">\n\t\t\t\t<div class=\"elementor-widget-container\">\n\t\t\t\t\t\t\tThe content for the photo exhibition was drawn up in the spring of 2016 at a media design course at Moholy-Nagy University for Art and Design titled Space for Every Body. The task of our team was to shoot photos of clothes that have been designed and produced during a previous course in textile, and for that we developed the concept together with the designers and the models. In the framework a coherent visual scheme, we worked with props and visual items that fitted the clothes and the personality of the models.\t\t\t\t\t\t<\/div>\n\t\t\t\t<\/div>\n\t\t\t\t\t<\/div>\n\t\t<\/div>\n\t\t\t\t\t<\/div>\n\t\t<\/section>\n\t\t\t\t<section class=\"elementor-section elementor-top-section elementor-element elementor-element-6e7360c elementor-section-boxed elementor-section-height-default elementor-section-height-default\" data-id=\"6e7360c\" data-element_type=\"section\">\n\t\t\t\t\t\t<div class=\"elementor-container elementor-column-gap-default\">\n\t\t\t\t\t<div class=\"elementor-column elementor-col-100 elementor-top-column elementor-element elementor-element-832c4a8\" data-id=\"832c4a8\" data-element_type=\"column\">\n\t\t\t<div class=\"elementor-widget-wrap elementor-element-populated\">\n\t\t\t\t\t\t<div class=\"elementor-element elementor-element-c6f2de9 elementor-widget elementor-widget-spacer\" data-id=\"c6f2de9\" data-element_type=\"widget\" data-widget_type=\"spacer.default\">\n\t\t\t\t<div class=\"elementor-widget-container\">\n\t\t\t\t\t<div class=\"elementor-spacer\">\n\t\t\t<div class=\"elementor-spacer-inner\"><\/div>\n\t\t<\/div>\n\t\t\t\t<\/div>\n\t\t\t\t<\/div>\n\t\t\t\t\t<\/div>\n\t\t<\/div>\n\t\t\t\t\t<\/div>\n\t\t<\/section>\n\t\t\t\t<section class=\"elementor-section elementor-top-section elementor-element elementor-element-5b3a915 elementor-section-boxed elementor-section-height-default elementor-section-height-default\" data-id=\"5b3a915\" data-element_type=\"section\" data-settings=\"{&quot;background_background&quot;:&quot;classic&quot;}\">\n\t\t\t\t\t\t<div class=\"elementor-container elementor-column-gap-default\">\n\t\t\t\t\t<div class=\"elementor-column elementor-col-50 elementor-top-column elementor-element elementor-element-7ec55bd\" data-id=\"7ec55bd\" data-element_type=\"column\">\n\t\t\t<div class=\"elementor-widget-wrap elementor-element-populated\">\n\t\t\t\t\t\t<div class=\"elementor-element elementor-element-3838977 elementor-widget elementor-widget-text-editor\" data-id=\"3838977\" data-element_type=\"widget\" data-widget_type=\"text-editor.default\">\n\t\t\t\t<div class=\"elementor-widget-container\">\n\t\t\t\t\t\t\t<p><strong>Marcell Andristy\u00e1k<\/strong>, film director, media designer, graduated from MOME Media Design MA, and received his BA degree from the Budapest College of Communication and Business (BKF), where he later returned as a teacher. He is a freelance film director of experimental films, advertisements and animations, and his work has been screened at several international film festivals.<\/p><p><a href=\"http:\/\/andristyak.com\">http:\/\/andristyak.com<\/a><\/p>\t\t\t\t\t\t<\/div>\n\t\t\t\t<\/div>\n\t\t\t\t<div class=\"elementor-element elementor-element-b5889cb elementor-widget elementor-widget-text-editor\" data-id=\"b5889cb\" data-element_type=\"widget\" data-widget_type=\"text-editor.default\">\n\t\t\t\t<div class=\"elementor-widget-container\">\n\t\t\t\t\t\t\t<p><strong>Krist\u00f3f Kov\u00e1cs<\/strong> visual artist, received his MA degree at MOME in media design. He is a member of the Visual artists\u2019 Workshop in Veszpr\u00e9m (W.I.M.) and has appeared in group exhibitions in the Budapest Centre of Architecture (FUGA) as well as in the Centre for Modern and Contemporary Arts (MODEM).<\/p><p><a href=\"http:\/\/kristofkristof.com\/\">http:\/\/kristofkristof.com\/<\/a><\/p>\t\t\t\t\t\t<\/div>\n\t\t\t\t<\/div>\n\t\t\t\t<div class=\"elementor-element elementor-element-f5f760a elementor-widget elementor-widget-text-editor\" data-id=\"f5f760a\" data-element_type=\"widget\" data-widget_type=\"text-editor.default\">\n\t\t\t\t<div class=\"elementor-widget-container\">\n\t\t\t\t\t\t\t<p><strong>M\u00e1t\u00e9 Makl\u00e1ry<\/strong> media designer, director, musician, art director, last year MA student in Media and Design studies at MOME, currently writing and directing a sci-fi short film. Among his most important clients are companies and institutions such as Porsche, Lego, Si\u00f3 Ltd., Gyermelyi Ltd. and the Romaversitas Foundation. His work includes a video spot for the Budapest B\u00e1r music band.<\/p><p><a href=\"https:\/\/vimeo.com\/user11853709\">https:\/\/vimeo.com\/user11853709<\/a><\/p>\t\t\t\t\t\t<\/div>\n\t\t\t\t<\/div>\n\t\t\t\t\t<\/div>\n\t\t<\/div>\n\t\t\t\t<div class=\"elementor-column elementor-col-50 elementor-top-column elementor-element elementor-element-886e496\" data-id=\"886e496\" data-element_type=\"column\">\n\t\t\t<div class=\"elementor-widget-wrap elementor-element-populated\">\n\t\t\t\t\t\t<div class=\"elementor-element elementor-element-0e68c00 elementor-widget elementor-widget-text-editor\" data-id=\"0e68c00\" data-element_type=\"widget\" data-widget_type=\"text-editor.default\">\n\t\t\t\t<div class=\"elementor-widget-container\">\n\t\t\t\t\t\t\t<p><strong>Andr\u00e1s B\u00e1n<\/strong>, graduated from the Budapest College of Communication and Business (BKF) BA in Photography in 2015, following which he received his MA degree in Media Design at MOME in 2017. Currently he is a student in the Art and Design Teacher training programme at MOME. He is a member of the Studio of Young Photographers in Hungary, and has appeared at group exhibitions, for example in the Month of Photography event in Bratislava, the Budapest Centre of Architecture (FUGA), the Artmarket Budapest and in the K.A.S. Gallery.<\/p><p><a href=\"https:\/\/vimeo.com\/andrasban\">https:\/\/vimeo.com\/andrasban<\/a><\/p>\t\t\t\t\t\t<\/div>\n\t\t\t\t<\/div>\n\t\t\t\t<div class=\"elementor-element elementor-element-646419c elementor-widget elementor-widget-text-editor\" data-id=\"646419c\" data-element_type=\"widget\" data-widget_type=\"text-editor.default\">\n\t\t\t\t<div class=\"elementor-widget-container\">\n\t\t\t\t\t\t\t<p><strong>Zs\u00f3fi Liter<\/strong> has earned her BA degree in international trade, then completed her MA studies at MOME. As a media designer, she designs and produces video spots, short films and applied video materials.<\/p><p><a href=\"https:\/\/vimeo.com\/literzsofi\">https:\/\/vimeo.com\/literzsofi<\/a><\/p>\t\t\t\t\t\t<\/div>\n\t\t\t\t<\/div>\n\t\t\t\t\t<\/div>\n\t\t<\/div>\n\t\t\t\t\t<\/div>\n\t\t<\/section>\n\t\t\t\t<\/div>\n\t\t","protected":false},"excerpt":{"rendered":"<p>Previous Next Fashion photography The content for the photo exhibition was drawn up in the spring of 2016 at a media design course at Moholy-Nagy University for Art and Design titled Space for Every Body. The task of our team was to shoot photos of clothes that have been designed and produced during a previous [&hellip;]<\/p>\n","protected":false},"author":1,"featured_media":0,"parent":0,"menu_order":0,"comment_status":"closed","ping_status":"closed","template":"","meta":{"inline_featured_image":false,"site-sidebar-layout":"no-sidebar","site-content-layout":"page-builder","ast-site-content-layout":"default","site-content-style":"default","site-sidebar-style":"default","ast-global-header-display":"","ast-banner-title-visibility":"","ast-main-header-display":"","ast-hfb-above-header-display":"","ast-hfb-below-header-display":"","ast-hfb-mobile-header-display":"","site-post-title":"disabled","ast-breadcrumbs-content":"","ast-featured-img":"disabled","footer-sml-layout":"","ast-disable-related-posts":"","theme-transparent-header-meta":"","adv-header-id-meta":"","stick-header-meta":"","header-above-stick-meta":"","header-main-stick-meta":"","header-below-stick-meta":"","astra-migrate-meta-layouts":"default","ast-page-background-enabled":"default","ast-page-background-meta":{"desktop":{"background-color":"","background-image":"","background-repeat":"repeat","background-position":"center center","background-size":"auto","background-attachment":"scroll","background-type":"","background-media":"","overlay-type":"","overlay-color":"","overlay-opacity":"","overlay-gradient":""},"tablet":{"background-color":"","background-image":"","background-repeat":"repeat","background-position":"center center","background-size":"auto","background-attachment":"scroll","background-type":"","background-media":"","overlay-type":"","overlay-color":"","overlay-opacity":"","overlay-gradient":""},"mobile":{"background-color":"","background-image":"","background-repeat":"repeat","background-position":"center center","background-size":"auto","background-attachment":"scroll","background-type":"","background-media":"","overlay-type":"","overlay-color":"","overlay-opacity":"","overlay-gradient":""}},"ast-content-background-meta":{"desktop":{"background-color":"var(--ast-global-color-5)","background-image":"","background-repeat":"repeat","background-position":"center center","background-size":"auto","background-attachment":"scroll","background-type":"","background-media":"","overlay-type":"","overlay-color":"","overlay-opacity":"","overlay-gradient":""},"tablet":{"background-color":"var(--ast-global-color-5)","background-image":"","background-repeat":"repeat","background-position":"center center","background-size":"auto","background-attachment":"scroll","background-type":"","background-media":"","overlay-type":"","overlay-color":"","overlay-opacity":"","overlay-gradient":""},"mobile":{"background-color":"var(--ast-global-color-5)","background-image":"","background-repeat":"repeat","background-position":"center center","background-size":"auto","background-attachment":"scroll","background-type":"","background-media":"","overlay-type":"","overlay-color":"","overlay-opacity":"","overlay-gradient":""}},"footnotes":""},"class_list":["post-582","page","type-page","status-publish","hentry"],"_links":{"self":[{"href":"https:\/\/normcore.mome.hu\/site\/wp-json\/wp\/v2\/pages\/582","targetHints":{"allow":["GET"]}}],"collection":[{"href":"https:\/\/normcore.mome.hu\/site\/wp-json\/wp\/v2\/pages"}],"about":[{"href":"https:\/\/normcore.mome.hu\/site\/wp-json\/wp\/v2\/types\/page"}],"author":[{"embeddable":true,"href":"https:\/\/normcore.mome.hu\/site\/wp-json\/wp\/v2\/users\/1"}],"replies":[{"embeddable":true,"href":"https:\/\/normcore.mome.hu\/site\/wp-json\/wp\/v2\/comments?post=582"}],"version-history":[{"count":16,"href":"https:\/\/normcore.mome.hu\/site\/wp-json\/wp\/v2\/pages\/582\/revisions"}],"predecessor-version":[{"id":1006,"href":"https:\/\/normcore.mome.hu\/site\/wp-json\/wp\/v2\/pages\/582\/revisions\/1006"}],"wp:attachment":[{"href":"https:\/\/normcore.mome.hu\/site\/wp-json\/wp\/v2\/media?parent=582"}],"curies":[{"name":"wp","href":"https:\/\/api.w.org\/{rel}","templated":true}]}}