{"id":181,"date":"2018-05-17T20:54:54","date_gmt":"2018-05-17T20:54:54","guid":{"rendered":"http:\/\/normcore.mome.hu\/site\/?page_id=181"},"modified":"2020-06-21T22:32:09","modified_gmt":"2020-06-21T22:32:09","slug":"hatter","status":"publish","type":"page","link":"https:\/\/normcore.mome.hu\/site\/hatter\/","title":{"rendered":"H\u00e1tt\u00e9r"},"content":{"rendered":"\t\t<div data-elementor-type=\"wp-post\" data-elementor-id=\"181\" class=\"elementor elementor-181\">\n\t\t\t\t\t\t<section class=\"elementor-section elementor-top-section elementor-element elementor-element-d10680b elementor-section-boxed elementor-section-height-default elementor-section-height-default\" data-id=\"d10680b\" data-element_type=\"section\">\n\t\t\t\t\t\t<div class=\"elementor-container elementor-column-gap-default\">\n\t\t\t\t\t<div class=\"elementor-column elementor-col-100 elementor-top-column elementor-element elementor-element-a5ed90e\" data-id=\"a5ed90e\" data-element_type=\"column\">\n\t\t\t<div class=\"elementor-widget-wrap elementor-element-populated\">\n\t\t\t\t\t\t<div class=\"elementor-element elementor-element-3599680 elementor-widget elementor-widget-video\" data-id=\"3599680\" data-element_type=\"widget\" data-settings=\"{&quot;youtube_url&quot;:&quot;https:\\\/\\\/youtu.be\\\/sm2vXqAXX-g&quot;,&quot;modestbranding&quot;:&quot;yes&quot;,&quot;yt_privacy&quot;:&quot;yes&quot;,&quot;video_type&quot;:&quot;youtube&quot;,&quot;controls&quot;:&quot;yes&quot;}\" data-widget_type=\"video.default\">\n\t\t\t\t<div class=\"elementor-widget-container\">\n\t\t\t\t\t<div class=\"elementor-wrapper elementor-open-inline\">\n\t\t\t<div class=\"elementor-video\"><\/div>\t\t<\/div>\n\t\t\t\t<\/div>\n\t\t\t\t<\/div>\n\t\t\t\t<div class=\"elementor-element elementor-element-3b3d891 elementor-widget elementor-widget-heading\" data-id=\"3b3d891\" data-element_type=\"widget\" data-widget_type=\"heading.default\">\n\t\t\t\t<div class=\"elementor-widget-container\">\n\t\t\t<p class=\"elementor-heading-title elementor-size-default\">Vide\u00f3: Csige M\u00e1rta<\/p>\t\t<\/div>\n\t\t\t\t<\/div>\n\t\t\t\t<div class=\"elementor-element elementor-element-00ad504 elementor-widget elementor-widget-spacer\" data-id=\"00ad504\" data-element_type=\"widget\" data-widget_type=\"spacer.default\">\n\t\t\t\t<div class=\"elementor-widget-container\">\n\t\t\t\t\t<div class=\"elementor-spacer\">\n\t\t\t<div class=\"elementor-spacer-inner\"><\/div>\n\t\t<\/div>\n\t\t\t\t<\/div>\n\t\t\t\t<\/div>\n\t\t\t\t\t<\/div>\n\t\t<\/div>\n\t\t\t\t\t<\/div>\n\t\t<\/section>\n\t\t\t\t<section class=\"elementor-section elementor-top-section elementor-element elementor-element-74d46c0 elementor-section-boxed elementor-section-height-default elementor-section-height-default\" data-id=\"74d46c0\" data-element_type=\"section\">\n\t\t\t\t\t\t<div class=\"elementor-container elementor-column-gap-default\">\n\t\t\t\t\t<div class=\"elementor-column elementor-col-100 elementor-top-column elementor-element elementor-element-88f51d2\" data-id=\"88f51d2\" data-element_type=\"column\">\n\t\t\t<div class=\"elementor-widget-wrap elementor-element-populated\">\n\t\t\t\t\t\t<div class=\"elementor-element elementor-element-9b5a4ae elementor-widget elementor-widget-heading\" data-id=\"9b5a4ae\" data-element_type=\"widget\" data-widget_type=\"heading.default\">\n\t\t\t\t<div class=\"elementor-widget-container\">\n\t\t\t<h1 class=\"elementor-heading-title elementor-size-default\">For_Every_Body:\nA Normcore ki\u00e1ll\u00edt\u00e1s el\u0151zm\u00e9nyei<\/h1>\t\t<\/div>\n\t\t\t\t<\/div>\n\t\t\t\t<div class=\"elementor-element elementor-element-3e4ec5d elementor-widget elementor-widget-spacer\" data-id=\"3e4ec5d\" data-element_type=\"widget\" data-widget_type=\"spacer.default\">\n\t\t\t\t<div class=\"elementor-widget-container\">\n\t\t\t\t\t<div class=\"elementor-spacer\">\n\t\t\t<div class=\"elementor-spacer-inner\"><\/div>\n\t\t<\/div>\n\t\t\t\t<\/div>\n\t\t\t\t<\/div>\n\t\t\t\t\t<\/div>\n\t\t<\/div>\n\t\t\t\t\t<\/div>\n\t\t<\/section>\n\t\t\t\t<section class=\"elementor-section elementor-top-section elementor-element elementor-element-feddf28 elementor-section-boxed elementor-section-height-default elementor-section-height-default\" data-id=\"feddf28\" data-element_type=\"section\">\n\t\t\t\t\t\t<div class=\"elementor-container elementor-column-gap-default\">\n\t\t\t\t\t<div class=\"elementor-column elementor-col-66 elementor-top-column elementor-element elementor-element-d0d789c\" data-id=\"d0d789c\" data-element_type=\"column\">\n\t\t\t<div class=\"elementor-widget-wrap elementor-element-populated\">\n\t\t\t\t\t\t<div class=\"elementor-element elementor-element-c1b670e elementor-drop-cap-yes elementor-drop-cap-view-default elementor-widget elementor-widget-text-editor\" data-id=\"c1b670e\" data-element_type=\"widget\" data-settings=\"{&quot;drop_cap&quot;:&quot;yes&quot;}\" data-widget_type=\"text-editor.default\">\n\t\t\t\t<div class=\"elementor-widget-container\">\n\t\t\t\t\t\t\t<p>A k\u00e9pen l\u00e1that\u00f3 ruhadarabbal a Design Meets Disability (The MIT Press, 2009) c\u00edm\u0171 k\u00f6nyvben tal\u00e1lkoztam el\u0151sz\u00f6r. Ez az egyszer\u0171 k\u00f6t\u00f6tt pul\u00f3ver sz\u00e1momra olyan \u00fajfajta vizu\u00e1lis megjelen\u00e9st \u00e9s t\u00e1rgyi megfogalmaz\u00e1st k\u00e9pviselt, amivel ha az el\u0151tt tal\u00e1lkoztam is, semmik\u00e9ppen nem ilyen k\u00f6nnyed \u00e9s kifejez\u0151 form\u00e1ban. A Catherine Long \u00e1ltal viselt ruhadarab egy, a norm\u00e1t\u00f3l elt\u00e9r\u0151 testre k\u00e9sz\u00fclt, figyelembe v\u00e9ve annak minden feladat\u00e1t. Egyform\u00e1n \u00e9rv\u00e9nyes\u00fcl az \u00f6lt\u00f6z\u00e9k szoci\u00e1lis, egy\u00e9ni-\u00e9rzelmi \u00e9s funkcion\u00e1lis oldala. Azzal, hogy azt a r\u00e9szt \u2013 a hi\u00e1nyz\u00f3 bal kar v\u00e1ll\u00e1t \u2013 d\u00edsz\u00edti a testen, pontosan \u00fagy \u00e9s oda vezeti a szemet, ami ellen a h\u00e9tk\u00f6znapi nevel\u00e9s ink\u00e1bb tilt. Nem azt mondja, hogy nem illik b\u00e1mulni, hanem azt, hogy n\u00e9zd, ez vagyok \u00e9n, \u00e9s j\u00f3l \u00e9rzem magam a testemben. Az hogy mindez ilyen egyszer\u0171en \u00e9s k\u00f6z\u00e9rthet\u0151en is elmondhat\u00f3 szavak n\u00e9lk\u00fcl, arra is felh\u00edvta a figyelmemet, hogy mennyire nem jellemz\u0151 a t\u00e1rgykult\u00far\u00e1nkban ez a fajta gondolkod\u00e1sm\u00f3d, mik\u00f6zben tal\u00e1n hat\u00e9konyabban form\u00e1lja a szeml\u00e9letm\u00f3dot, mint b\u00e1rmilyen tan\u00edt\u00e1s.<\/p><p>Ezt t\u0171zte ki teh\u00e1t c\u00e9lj\u00e1ul a MOME \u2018Fashion for Every Body\u2019 c\u00edm\u0171 kurzusa 2016 tavasz\u00e1n, amiben hat textiltervez\u0151 hallgat\u00f3 \u00e9s h\u00e1rom v\u00e9gtaghi\u00e1nyos modell vett r\u00e9szt. B\u00e1r a projekt egy kurzush\u00e9t form\u00e1j\u00e1ban indult, mind energiabefektet\u00e9sben, mind id\u0151ben messze t\u00fall\u00e9pte annak a kereteit. A bevezet\u0151 el\u0151ad\u00e1sok, a modellek nyitotts\u00e1ga \u00e9s k\u00f6zvetlens\u00e9ge mind seg\u00edtette, hogy a tervez\u0151 hallgat\u00f3k ilyen r\u00f6vid id\u0151n bel\u00fcl meg\u00e9rezt\u00e9k a feladat \u00f6sszetetts\u00e9g\u00e9t \u00e9s egy\u00fcttm\u0171k\u00f6dve tal\u00e1ltak v\u00e1laszokat az egyedi ig\u00e9nyekre. A k\u00f6z\u00f6s p\u00e1rbesz\u00e9d alak\u00edtotta \u00f6lt\u00f6z\u00e9keket &#8211; melyeket a modellek megtarthattak &#8211; a m\u00e9dia design tansz\u00e9kkel val\u00f3 egy\u00fcttm\u0171k\u00f6d\u00e9s, a \u2018Space for Every Body\u2019 c\u00edm\u0171 kurzus hallgat\u00f3i vitt\u00e9k tov\u00e1bb. A k\u00e9t tansz\u00e9k hallgat\u00f3i a modellek szem\u00e9lyis\u00e9g\u00e9re \u00e9p\u00edtve, \u00e9s saj\u00e1tos ig\u00e9nyeiknek megfelelve bontott\u00e1k ki azt a k\u00e9rd\u00e9st, hogyan lehet mindezeket megmutatni, m\u00e1sok sz\u00e1m\u00e1ra is megfoghat\u00f3v\u00e1 tenni. Ennek eredm\u00e9nye a ki\u00e1ll\u00edt\u00e1s anyaga is, ami beemeli az \u2018akad\u00e1lymentes divatot\u2019 a mainstream divat vil\u00e1g\u00e1ba. A tervez\u0151k munk\u00e1i pedig megmutatj\u00e1k, hogyan lehet radik\u00e1lisan, de provok\u00e1ci\u00f3 n\u00e9lk\u00fcl, humorral, a ber\u00f6gz\u0151d\u00f6tt k\u00e9pzetek \u00fajragondol\u00e1s\u00e1val \u00fczenni a k\u00f6rnyezet sz\u00e1m\u00e1ra. Amint az \u00e9rintettek nem alanyk\u00e9nt, hanem tervez\u0151t\u00e1rsk\u00e9nt vannak megsz\u00f3l\u00edtva, az \u0151 tapasztal\u00e1suk \u00e9s kult\u00far\u00e1juk ugyan\u00fagy tudja form\u00e1lni a designt, mint ahogy a design a fogyat\u00e9kkal \u00e9l\u0151k \u00e9letmin\u0151s\u00e9g\u00e9t \u00e9s t\u00e1rsadalmi meg\u00edt\u00e9l\u00e9s\u00e9t. A sz\u00e1nalomkelt\u00e9s rombol\u00f3 attit\u0171dje helyett \u00edgy egy olyan partneri viszony alakulhat ki, ami a t\u00e1rsadalmi l\u00e1that\u00f3s\u00e1g legoptim\u00e1lisabb v\u00e1ltozata.<\/p><p>A kurzusok jelent\u0151s hozz\u00e1adott \u00e9rt\u00e9ke a textiltervez\u0151 p\u00e1rosok (T\u00f6r\u00f6k Anna \u00e9s Vass Csenge, Gy\u00f6r\u00f6k Bori \u00e9s Nagy Adrienna, L\u00e9vai Zs\u00f3fi \u00e9s Zepk\u00f3 Feri), a modell szerepbe helyezkedett \u00e9rintettek (Ivicsics Bori, Lukoviczki R\u00e9ka, Szabados Luca) \u00e9s a fot\u00f3sorozatot k\u00e9sz\u00edt\u0151 m\u00e9dia design csapat (Andristy\u00e1k Marci, B\u00e1n Andris, Kov\u00e1cs Krist\u00f3f, Liter Zs\u00f3fi, Makl\u00e1ry M\u00e1t\u00e9) k\u00f6z\u00f6s \u00e9lm\u00e9nyei, ami ezt a rendhagy\u00f3 tervez\u0151i folyamatot alak\u00edtotta. A remek hangulat\u00fa fot\u00f3z\u00e1snak k\u00f6sz\u00f6nhet\u0151en pedig a modellek fel tudtak old\u00f3dni a kamer\u00e1k el\u0151tt, \u00e9s biztosak lehettek benne, hogy nem csak l\u00e1that\u00f3ak, hanem vonz\u00f3ak is minden tekintet sz\u00e1m\u00e1ra.<\/p>\t\t\t\t\t\t<\/div>\n\t\t\t\t<\/div>\n\t\t\t\t<div class=\"elementor-element elementor-element-df4764b elementor-widget elementor-widget-heading\" data-id=\"df4764b\" data-element_type=\"widget\" data-widget_type=\"heading.default\">\n\t\t\t\t<div class=\"elementor-widget-container\">\n\t\t\t<h6 class=\"elementor-heading-title elementor-size-default\">Dobi D\u00f3ra<\/h6>\t\t<\/div>\n\t\t\t\t<\/div>\n\t\t\t\t\t<\/div>\n\t\t<\/div>\n\t\t\t\t<div class=\"elementor-column elementor-col-33 elementor-top-column elementor-element elementor-element-7f28dfb\" data-id=\"7f28dfb\" data-element_type=\"column\">\n\t\t\t<div class=\"elementor-widget-wrap elementor-element-populated\">\n\t\t\t\t\t\t<div class=\"elementor-element elementor-element-aeff950 elementor-widget elementor-widget-image\" data-id=\"aeff950\" data-element_type=\"widget\" data-widget_type=\"image.default\">\n\t\t\t\t<div class=\"elementor-widget-container\">\n\t\t\t\t\t\t\t\t\t\t<figure class=\"wp-caption\">\n\t\t\t\t\t\t\t\t\t\t<img fetchpriority=\"high\" decoding=\"async\" width=\"666\" height=\"1024\" src=\"https:\/\/normcore.mome.hu\/site\/wp-content\/uploads\/2018\/06\/freddierobins_adornequip_catherinelong.jpg\" class=\"attachment-large size-large wp-image-637\" alt=\"Freddie Robins: Adorn, equip - Catherine Long\" \/>\t\t\t\t\t\t\t\t\t\t\t<figcaption class=\"widget-image-caption wp-caption-text\"><\/figcaption>\n\t\t\t\t\t\t\t\t\t\t<\/figure>\n\t\t\t\t\t\t\t<\/div>\n\t\t\t\t<\/div>\n\t\t\t\t<div class=\"elementor-element elementor-element-1047771 elementor-widget elementor-widget-heading\" data-id=\"1047771\" data-element_type=\"widget\" data-widget_type=\"heading.default\">\n\t\t\t\t<div class=\"elementor-widget-container\">\n\t\t\t<p class=\"elementor-heading-title elementor-size-default\">Freddie Robins: At One. Modell: Catherine Long.<\/p>\t\t<\/div>\n\t\t\t\t<\/div>\n\t\t\t\t\t<\/div>\n\t\t<\/div>\n\t\t\t\t\t<\/div>\n\t\t<\/section>\n\t\t\t\t<section class=\"elementor-section elementor-top-section elementor-element elementor-element-3b288b4 elementor-section-boxed elementor-section-height-default elementor-section-height-default\" data-id=\"3b288b4\" data-element_type=\"section\">\n\t\t\t\t\t\t<div class=\"elementor-container elementor-column-gap-default\">\n\t\t\t\t\t<div class=\"elementor-column elementor-col-100 elementor-top-column elementor-element elementor-element-1fad0d0\" data-id=\"1fad0d0\" data-element_type=\"column\">\n\t\t\t<div class=\"elementor-widget-wrap elementor-element-populated\">\n\t\t\t\t\t\t<div class=\"elementor-element elementor-element-fa4b97d elementor-widget elementor-widget-spacer\" data-id=\"fa4b97d\" data-element_type=\"widget\" data-widget_type=\"spacer.default\">\n\t\t\t\t<div class=\"elementor-widget-container\">\n\t\t\t\t\t<div class=\"elementor-spacer\">\n\t\t\t<div class=\"elementor-spacer-inner\"><\/div>\n\t\t<\/div>\n\t\t\t\t<\/div>\n\t\t\t\t<\/div>\n\t\t\t\t\t<\/div>\n\t\t<\/div>\n\t\t\t\t\t<\/div>\n\t\t<\/section>\n\t\t\t\t<section class=\"elementor-section elementor-top-section elementor-element elementor-element-f8dc943 elementor-section-boxed elementor-section-height-default elementor-section-height-default\" data-id=\"f8dc943\" data-element_type=\"section\">\n\t\t\t\t\t\t<div class=\"elementor-container elementor-column-gap-default\">\n\t\t\t\t\t<div class=\"elementor-column elementor-col-100 elementor-top-column elementor-element elementor-element-4fbfe12\" data-id=\"4fbfe12\" data-element_type=\"column\">\n\t\t\t<div class=\"elementor-widget-wrap elementor-element-populated\">\n\t\t\t\t\t\t<div class=\"elementor-element elementor-element-f57d36d elementor-widget elementor-widget-video\" data-id=\"f57d36d\" data-element_type=\"widget\" data-settings=\"{&quot;youtube_url&quot;:&quot;https:\\\/\\\/youtu.be\\\/5Oo5oDMH5lo&quot;,&quot;modestbranding&quot;:&quot;yes&quot;,&quot;yt_privacy&quot;:&quot;yes&quot;,&quot;video_type&quot;:&quot;youtube&quot;,&quot;controls&quot;:&quot;yes&quot;}\" data-widget_type=\"video.default\">\n\t\t\t\t<div class=\"elementor-widget-container\">\n\t\t\t\t\t<div class=\"elementor-wrapper elementor-open-inline\">\n\t\t\t<div class=\"elementor-video\"><\/div>\t\t<\/div>\n\t\t\t\t<\/div>\n\t\t\t\t<\/div>\n\t\t\t\t<div class=\"elementor-element elementor-element-6e20be3 elementor-widget elementor-widget-heading\" data-id=\"6e20be3\" data-element_type=\"widget\" data-widget_type=\"heading.default\">\n\t\t\t\t<div class=\"elementor-widget-container\">\n\t\t\t<p class=\"elementor-heading-title elementor-size-default\">Vide\u00f3: Z\u00e1szl\u00f3s Mariann<\/p>\t\t<\/div>\n\t\t\t\t<\/div>\n\t\t\t\t\t<\/div>\n\t\t<\/div>\n\t\t\t\t\t<\/div>\n\t\t<\/section>\n\t\t\t\t<section class=\"elementor-section elementor-top-section elementor-element elementor-element-8f8734c elementor-section-boxed elementor-section-height-default elementor-section-height-default\" data-id=\"8f8734c\" data-element_type=\"section\">\n\t\t\t\t\t\t<div class=\"elementor-container elementor-column-gap-default\">\n\t\t\t\t\t<div class=\"elementor-column elementor-col-100 elementor-top-column elementor-element elementor-element-6f3e704\" data-id=\"6f3e704\" data-element_type=\"column\">\n\t\t\t<div class=\"elementor-widget-wrap elementor-element-populated\">\n\t\t\t\t\t\t<div class=\"elementor-element elementor-element-4301c4f elementor-widget elementor-widget-spacer\" data-id=\"4301c4f\" data-element_type=\"widget\" data-widget_type=\"spacer.default\">\n\t\t\t\t<div class=\"elementor-widget-container\">\n\t\t\t\t\t<div class=\"elementor-spacer\">\n\t\t\t<div class=\"elementor-spacer-inner\"><\/div>\n\t\t<\/div>\n\t\t\t\t<\/div>\n\t\t\t\t<\/div>\n\t\t\t\t\t<\/div>\n\t\t<\/div>\n\t\t\t\t\t<\/div>\n\t\t<\/section>\n\t\t\t\t<\/div>\n\t\t","protected":false},"excerpt":{"rendered":"<p>Vide\u00f3: Csige M\u00e1rta For_Every_Body: A Normcore ki\u00e1ll\u00edt\u00e1s el\u0151zm\u00e9nyei A k\u00e9pen l\u00e1that\u00f3 ruhadarabbal a Design Meets Disability (The MIT Press, 2009) c\u00edm\u0171 k\u00f6nyvben tal\u00e1lkoztam el\u0151sz\u00f6r. Ez az egyszer\u0171 k\u00f6t\u00f6tt pul\u00f3ver sz\u00e1momra olyan \u00fajfajta vizu\u00e1lis megjelen\u00e9st \u00e9s t\u00e1rgyi megfogalmaz\u00e1st k\u00e9pviselt, amivel ha az el\u0151tt tal\u00e1lkoztam is, semmik\u00e9ppen nem ilyen k\u00f6nnyed \u00e9s kifejez\u0151 form\u00e1ban. A Catherine Long \u00e1ltal [&hellip;]<\/p>\n","protected":false},"author":1,"featured_media":0,"parent":0,"menu_order":0,"comment_status":"closed","ping_status":"closed","template":"","meta":{"inline_featured_image":false,"site-sidebar-layout":"no-sidebar","site-content-layout":"page-builder","ast-site-content-layout":"default","site-content-style":"default","site-sidebar-style":"default","ast-global-header-display":"","ast-banner-title-visibility":"","ast-main-header-display":"","ast-hfb-above-header-display":"","ast-hfb-below-header-display":"","ast-hfb-mobile-header-display":"","site-post-title":"disabled","ast-breadcrumbs-content":"","ast-featured-img":"disabled","footer-sml-layout":"","ast-disable-related-posts":"","theme-transparent-header-meta":"","adv-header-id-meta":"","stick-header-meta":"","header-above-stick-meta":"","header-main-stick-meta":"","header-below-stick-meta":"","astra-migrate-meta-layouts":"default","ast-page-background-enabled":"default","ast-page-background-meta":{"desktop":{"background-color":"","background-image":"","background-repeat":"repeat","background-position":"center center","background-size":"auto","background-attachment":"scroll","background-type":"","background-media":"","overlay-type":"","overlay-color":"","overlay-opacity":"","overlay-gradient":""},"tablet":{"background-color":"","background-image":"","background-repeat":"repeat","background-position":"center center","background-size":"auto","background-attachment":"scroll","background-type":"","background-media":"","overlay-type":"","overlay-color":"","overlay-opacity":"","overlay-gradient":""},"mobile":{"background-color":"","background-image":"","background-repeat":"repeat","background-position":"center center","background-size":"auto","background-attachment":"scroll","background-type":"","background-media":"","overlay-type":"","overlay-color":"","overlay-opacity":"","overlay-gradient":""}},"ast-content-background-meta":{"desktop":{"background-color":"var(--ast-global-color-5)","background-image":"","background-repeat":"repeat","background-position":"center center","background-size":"auto","background-attachment":"scroll","background-type":"","background-media":"","overlay-type":"","overlay-color":"","overlay-opacity":"","overlay-gradient":""},"tablet":{"background-color":"var(--ast-global-color-5)","background-image":"","background-repeat":"repeat","background-position":"center center","background-size":"auto","background-attachment":"scroll","background-type":"","background-media":"","overlay-type":"","overlay-color":"","overlay-opacity":"","overlay-gradient":""},"mobile":{"background-color":"var(--ast-global-color-5)","background-image":"","background-repeat":"repeat","background-position":"center center","background-size":"auto","background-attachment":"scroll","background-type":"","background-media":"","overlay-type":"","overlay-color":"","overlay-opacity":"","overlay-gradient":""}},"footnotes":""},"class_list":["post-181","page","type-page","status-publish","hentry"],"_links":{"self":[{"href":"https:\/\/normcore.mome.hu\/site\/wp-json\/wp\/v2\/pages\/181","targetHints":{"allow":["GET"]}}],"collection":[{"href":"https:\/\/normcore.mome.hu\/site\/wp-json\/wp\/v2\/pages"}],"about":[{"href":"https:\/\/normcore.mome.hu\/site\/wp-json\/wp\/v2\/types\/page"}],"author":[{"embeddable":true,"href":"https:\/\/normcore.mome.hu\/site\/wp-json\/wp\/v2\/users\/1"}],"replies":[{"embeddable":true,"href":"https:\/\/normcore.mome.hu\/site\/wp-json\/wp\/v2\/comments?post=181"}],"version-history":[{"count":32,"href":"https:\/\/normcore.mome.hu\/site\/wp-json\/wp\/v2\/pages\/181\/revisions"}],"predecessor-version":[{"id":1007,"href":"https:\/\/normcore.mome.hu\/site\/wp-json\/wp\/v2\/pages\/181\/revisions\/1007"}],"wp:attachment":[{"href":"https:\/\/normcore.mome.hu\/site\/wp-json\/wp\/v2\/media?parent=181"}],"curies":[{"name":"wp","href":"https:\/\/api.w.org\/{rel}","templated":true}]}}