{"id":177,"date":"2018-05-17T20:52:45","date_gmt":"2018-05-17T20:52:45","guid":{"rendered":"http:\/\/normcore.mome.hu\/site\/?page_id=177"},"modified":"2026-02-17T13:40:03","modified_gmt":"2026-02-17T13:40:03","slug":"projektek","status":"publish","type":"page","link":"https:\/\/normcore.mome.hu\/site\/projektek\/","title":{"rendered":"Projektek"},"content":{"rendered":"\t\t<div data-elementor-type=\"wp-post\" data-elementor-id=\"177\" class=\"elementor elementor-177\">\n\t\t\t\t\t\t<section class=\"elementor-section elementor-top-section elementor-element elementor-element-fb826b8 elementor-section-boxed elementor-section-height-default elementor-section-height-default\" data-id=\"fb826b8\" data-element_type=\"section\">\n\t\t\t\t\t\t<div class=\"elementor-container elementor-column-gap-default\">\n\t\t\t\t\t<div class=\"elementor-column elementor-col-100 elementor-top-column elementor-element elementor-element-d72c9e8\" data-id=\"d72c9e8\" data-element_type=\"column\">\n\t\t\t<div class=\"elementor-widget-wrap elementor-element-populated\">\n\t\t\t\t\t\t<div class=\"elementor-element elementor-element-ae001cd elementor-widget elementor-widget-spacer\" data-id=\"ae001cd\" data-element_type=\"widget\" data-widget_type=\"spacer.default\">\n\t\t\t\t<div class=\"elementor-widget-container\">\n\t\t\t\t\t<div class=\"elementor-spacer\">\n\t\t\t<div class=\"elementor-spacer-inner\"><\/div>\n\t\t<\/div>\n\t\t\t\t<\/div>\n\t\t\t\t<\/div>\n\t\t\t\t\t<\/div>\n\t\t<\/div>\n\t\t\t\t\t<\/div>\n\t\t<\/section>\n\t\t\t\t<section class=\"elementor-section elementor-top-section elementor-element elementor-element-b60590f elementor-section-full_width elementor-section-height-default elementor-section-height-default elementor-invisible\" data-id=\"b60590f\" data-element_type=\"section\" id=\"project-menu\" data-settings=\"{&quot;animation&quot;:&quot;fadeIn&quot;}\">\n\t\t\t\t\t\t<div class=\"elementor-container elementor-column-gap-default\">\n\t\t\t\t\t<div class=\"elementor-column elementor-col-25 elementor-top-column elementor-element elementor-element-0314ee0\" data-id=\"0314ee0\" data-element_type=\"column\">\n\t\t\t<div class=\"elementor-widget-wrap elementor-element-populated\">\n\t\t\t\t\t\t<div class=\"elementor-element elementor-element-fb5841a elementor-position-top elementor-widget elementor-widget-image-box\" data-id=\"fb5841a\" data-element_type=\"widget\" data-widget_type=\"image-box.default\">\n\t\t\t\t<div class=\"elementor-widget-container\">\n\t\t\t<div class=\"elementor-image-box-wrapper\"><figure class=\"elementor-image-box-img\"><a href=\"https:\/\/normcore.mome.hu\/site\/gyorok-bori-nagy-adrienna\/\" tabindex=\"-1\"><img fetchpriority=\"high\" decoding=\"async\" width=\"769\" height=\"1024\" src=\"https:\/\/normcore.mome.hu\/site\/wp-content\/uploads\/2018\/05\/reka-1.jpg\" class=\"attachment-large size-large wp-image-295\" alt=\"\" \/><\/a><\/figure><div class=\"elementor-image-box-content\"><h6 class=\"elementor-image-box-title\"><a href=\"https:\/\/normcore.mome.hu\/site\/gyorok-bori-nagy-adrienna\/\">Gy\u00f6r\u00f6k Borb\u00e1la \u2013 Nagy Adrienna<\/a><\/h6><\/div><\/div>\t\t<\/div>\n\t\t\t\t<\/div>\n\t\t\t\t\t<\/div>\n\t\t<\/div>\n\t\t\t\t<div class=\"elementor-column elementor-col-25 elementor-top-column elementor-element elementor-element-ddd6427\" data-id=\"ddd6427\" data-element_type=\"column\">\n\t\t\t<div class=\"elementor-widget-wrap elementor-element-populated\">\n\t\t\t\t\t\t<div class=\"elementor-element elementor-element-00df43d elementor-position-top elementor-widget elementor-widget-image-box\" data-id=\"00df43d\" data-element_type=\"widget\" data-widget_type=\"image-box.default\">\n\t\t\t\t<div class=\"elementor-widget-container\">\n\t\t\t<div class=\"elementor-image-box-wrapper\"><figure class=\"elementor-image-box-img\"><a href=\"https:\/\/normcore.mome.hu\/site\/levai-zsofi-zepko-ferenc\/\" tabindex=\"-1\"><img decoding=\"async\" width=\"769\" height=\"1024\" src=\"https:\/\/normcore.mome.hu\/site\/wp-content\/uploads\/2018\/05\/bori-1.jpg\" class=\"attachment-large size-large wp-image-298\" alt=\"\" \/><\/a><\/figure><div class=\"elementor-image-box-content\"><h6 class=\"elementor-image-box-title\"><a href=\"https:\/\/normcore.mome.hu\/site\/levai-zsofi-zepko-ferenc\/\">L\u00e9vai Zs\u00f3fia \u2013 Zepk\u00f3 Ferenc<\/a><\/h6><\/div><\/div>\t\t<\/div>\n\t\t\t\t<\/div>\n\t\t\t\t\t<\/div>\n\t\t<\/div>\n\t\t\t\t<div class=\"elementor-column elementor-col-25 elementor-top-column elementor-element elementor-element-eca002d\" data-id=\"eca002d\" data-element_type=\"column\">\n\t\t\t<div class=\"elementor-widget-wrap elementor-element-populated\">\n\t\t\t\t\t\t<div class=\"elementor-element elementor-element-d554a41 elementor-position-top elementor-widget elementor-widget-image-box\" data-id=\"d554a41\" data-element_type=\"widget\" data-widget_type=\"image-box.default\">\n\t\t\t\t<div class=\"elementor-widget-container\">\n\t\t\t<div class=\"elementor-image-box-wrapper\"><figure class=\"elementor-image-box-img\"><a href=\"https:\/\/normcore.mome.hu\/site\/pazmany-lili\/\" tabindex=\"-1\"><img decoding=\"async\" width=\"769\" height=\"1024\" src=\"https:\/\/normcore.mome.hu\/site\/wp-content\/uploads\/2018\/05\/gabi_sari-1.jpg\" class=\"attachment-large size-large wp-image-291\" alt=\"\" \/><\/a><\/figure><div class=\"elementor-image-box-content\"><h6 class=\"elementor-image-box-title\"><a href=\"https:\/\/normcore.mome.hu\/site\/pazmany-lili\/\">P\u00e1zm\u00e1ny Lili<\/a><\/h6><\/div><\/div>\t\t<\/div>\n\t\t\t\t<\/div>\n\t\t\t\t\t<\/div>\n\t\t<\/div>\n\t\t\t\t<div class=\"elementor-column elementor-col-25 elementor-top-column elementor-element elementor-element-73efb87\" data-id=\"73efb87\" data-element_type=\"column\">\n\t\t\t<div class=\"elementor-widget-wrap elementor-element-populated\">\n\t\t\t\t\t\t<div class=\"elementor-element elementor-element-071239f elementor-position-top elementor-widget elementor-widget-image-box\" data-id=\"071239f\" data-element_type=\"widget\" data-widget_type=\"image-box.default\">\n\t\t\t\t<div class=\"elementor-widget-container\">\n\t\t\t<div class=\"elementor-image-box-wrapper\"><figure class=\"elementor-image-box-img\"><a href=\"https:\/\/normcore.mome.hu\/site\/torok-anna-vass-csenge\/\" tabindex=\"-1\"><img loading=\"lazy\" decoding=\"async\" width=\"769\" height=\"1024\" src=\"https:\/\/normcore.mome.hu\/site\/wp-content\/uploads\/2026\/02\/torokvass6_1600px-769x1024.jpg\" class=\"attachment-large size-large wp-image-1035\" alt=\"\" srcset=\"https:\/\/normcore.mome.hu\/site\/wp-content\/uploads\/2026\/02\/torokvass6_1600px-769x1024.jpg 769w, https:\/\/normcore.mome.hu\/site\/wp-content\/uploads\/2026\/02\/torokvass6_1600px-225x300.jpg 225w, https:\/\/normcore.mome.hu\/site\/wp-content\/uploads\/2026\/02\/torokvass6_1600px-577x768.jpg 577w, https:\/\/normcore.mome.hu\/site\/wp-content\/uploads\/2026\/02\/torokvass6_1600px-1154x1536.jpg 1154w, https:\/\/normcore.mome.hu\/site\/wp-content\/uploads\/2026\/02\/torokvass6_1600px.jpg 1202w\" sizes=\"(max-width: 769px) 100vw, 769px\" \/><\/a><\/figure><div class=\"elementor-image-box-content\"><h6 class=\"elementor-image-box-title\"><a href=\"https:\/\/normcore.mome.hu\/site\/torok-anna-vass-csenge\/\">T\u00f6r\u00f6k Anna \u2013 Vass Csenge<\/a><\/h6><\/div><\/div>\t\t<\/div>\n\t\t\t\t<\/div>\n\t\t\t\t\t<\/div>\n\t\t<\/div>\n\t\t\t\t\t<\/div>\n\t\t<\/section>\n\t\t\t\t<section class=\"elementor-section elementor-top-section elementor-element elementor-element-6fee073 elementor-section-boxed elementor-section-height-default elementor-section-height-default\" data-id=\"6fee073\" data-element_type=\"section\">\n\t\t\t\t\t\t<div class=\"elementor-container elementor-column-gap-default\">\n\t\t\t\t\t<div class=\"elementor-column elementor-col-100 elementor-top-column elementor-element elementor-element-3b644a7\" data-id=\"3b644a7\" data-element_type=\"column\">\n\t\t\t<div class=\"elementor-widget-wrap elementor-element-populated\">\n\t\t\t\t\t\t<div class=\"elementor-element elementor-element-cdacbf3 elementor-widget elementor-widget-spacer\" data-id=\"cdacbf3\" data-element_type=\"widget\" data-widget_type=\"spacer.default\">\n\t\t\t\t<div class=\"elementor-widget-container\">\n\t\t\t\t\t<div class=\"elementor-spacer\">\n\t\t\t<div class=\"elementor-spacer-inner\"><\/div>\n\t\t<\/div>\n\t\t\t\t<\/div>\n\t\t\t\t<\/div>\n\t\t\t\t\t<\/div>\n\t\t<\/div>\n\t\t\t\t\t<\/div>\n\t\t<\/section>\n\t\t\t\t<\/div>\n\t\t","protected":false},"excerpt":{"rendered":"<p>Gy\u00f6r\u00f6k Borb\u00e1la \u2013 Nagy Adrienna L\u00e9vai Zs\u00f3fia \u2013 Zepk\u00f3 Ferenc P\u00e1zm\u00e1ny Lili T\u00f6r\u00f6k Anna \u2013 Vass Csenge<\/p>\n","protected":false},"author":1,"featured_media":0,"parent":0,"menu_order":0,"comment_status":"closed","ping_status":"closed","template":"","meta":{"inline_featured_image":false,"site-sidebar-layout":"no-sidebar","site-content-layout":"page-builder","ast-site-content-layout":"full-width-container","site-content-style":"unboxed","site-sidebar-style":"unboxed","ast-global-header-display":"","ast-banner-title-visibility":"","ast-main-header-display":"","ast-hfb-above-header-display":"","ast-hfb-below-header-display":"","ast-hfb-mobile-header-display":"","site-post-title":"disabled","ast-breadcrumbs-content":"","ast-featured-img":"disabled","footer-sml-layout":"","ast-disable-related-posts":"","theme-transparent-header-meta":"","adv-header-id-meta":"","stick-header-meta":"","header-above-stick-meta":"","header-main-stick-meta":"","header-below-stick-meta":"","astra-migrate-meta-layouts":"set","ast-page-background-enabled":"default","ast-page-background-meta":{"desktop":{"background-color":"","background-image":"","background-repeat":"repeat","background-position":"center center","background-size":"auto","background-attachment":"scroll","background-type":"","background-media":"","overlay-type":"","overlay-color":"","overlay-opacity":"","overlay-gradient":""},"tablet":{"background-color":"","background-image":"","background-repeat":"repeat","background-position":"center center","background-size":"auto","background-attachment":"scroll","background-type":"","background-media":"","overlay-type":"","overlay-color":"","overlay-opacity":"","overlay-gradient":""},"mobile":{"background-color":"","background-image":"","background-repeat":"repeat","background-position":"center center","background-size":"auto","background-attachment":"scroll","background-type":"","background-media":"","overlay-type":"","overlay-color":"","overlay-opacity":"","overlay-gradient":""}},"ast-content-background-meta":{"desktop":{"background-color":"var(--ast-global-color-5)","background-image":"","background-repeat":"repeat","background-position":"center center","background-size":"auto","background-attachment":"scroll","background-type":"","background-media":"","overlay-type":"","overlay-color":"","overlay-opacity":"","overlay-gradient":""},"tablet":{"background-color":"var(--ast-global-color-5)","background-image":"","background-repeat":"repeat","background-position":"center center","background-size":"auto","background-attachment":"scroll","background-type":"","background-media":"","overlay-type":"","overlay-color":"","overlay-opacity":"","overlay-gradient":""},"mobile":{"background-color":"var(--ast-global-color-5)","background-image":"","background-repeat":"repeat","background-position":"center center","background-size":"auto","background-attachment":"scroll","background-type":"","background-media":"","overlay-type":"","overlay-color":"","overlay-opacity":"","overlay-gradient":""}},"footnotes":""},"class_list":["post-177","page","type-page","status-publish","hentry"],"_links":{"self":[{"href":"https:\/\/normcore.mome.hu\/site\/wp-json\/wp\/v2\/pages\/177","targetHints":{"allow":["GET"]}}],"collection":[{"href":"https:\/\/normcore.mome.hu\/site\/wp-json\/wp\/v2\/pages"}],"about":[{"href":"https:\/\/normcore.mome.hu\/site\/wp-json\/wp\/v2\/types\/page"}],"author":[{"embeddable":true,"href":"https:\/\/normcore.mome.hu\/site\/wp-json\/wp\/v2\/users\/1"}],"replies":[{"embeddable":true,"href":"https:\/\/normcore.mome.hu\/site\/wp-json\/wp\/v2\/comments?post=177"}],"version-history":[{"count":44,"href":"https:\/\/normcore.mome.hu\/site\/wp-json\/wp\/v2\/pages\/177\/revisions"}],"predecessor-version":[{"id":1053,"href":"https:\/\/normcore.mome.hu\/site\/wp-json\/wp\/v2\/pages\/177\/revisions\/1053"}],"wp:attachment":[{"href":"https:\/\/normcore.mome.hu\/site\/wp-json\/wp\/v2\/media?parent=177"}],"curies":[{"name":"wp","href":"https:\/\/api.w.org\/{rel}","templated":true}]}}